{"id":176,"date":"2018-12-20T15:25:37","date_gmt":"2018-12-20T15:25:37","guid":{"rendered":"https:\/\/www.atelier-reklama.sk\/blog\/?page_id=176"},"modified":"2021-05-05T08:53:00","modified_gmt":"2021-05-05T08:53:00","slug":"vase-prekreslene-vzorky","status":"publish","type":"page","link":"https:\/\/www.atelier-reklama.sk\/blog\/vase-prekreslene-vzorky\/","title":{"rendered":"Va\u0161e prekreslen\u00e9 vzory v\u00fd\u0161iviek"},"content":{"rendered":"\n<p> Blog je o kroji, o&nbsp;zbierke prekreslen\u00fdch krojov\u00fdch vzorov, ktor\u00e9 si m\u00f4\u017eete zadarmo stiahnu\u0165, vytla\u010di\u0165, prekop\u00edrova\u0165, prekresli\u0165 alebo objedna\u0165 na&nbsp;<a href=\"https:\/\/www.atelier-reklama.sk\/\">https:\/\/www.atelier-reklama.sk\/<\/a><\/p>\n\n\n\n<p><strong>Ak m\u00e1te svoje prekreslen\u00e9 vzory v\u00fd\u0161iviek, fotografie a chceli by ste sa o ne podeli\u0165, po\u0161lite ich na <\/strong><a href=\"mailto:an**********@gm***.com\" data-original-string=\"4Ft4x4kj+J0Qk31zUmgeHw==7afZF\/9KhiAL0\/eqxpeeJbS2UyWzGaMGfNELtfUT7FfSos=\" title=\"This contact has been encoded by Anti-Spam by CleanTalk. Click to decode. To finish the decoding make sure that JavaScript is enabled in your browser.\"><strong><span \n                data-original-string=\"LDP5yX7PAmwKkNCZ1t199A==7afAGX1nLJ8zVZXUtcff0wTN\/jLYfxSaeFvOfSeSDe3FQg=\"\n                class=\"apbct-email-encoder\"\n                title=\"This contact has been encoded by Anti-Spam by CleanTalk. Click to decode. To finish the decoding make sure that JavaScript is enabled in your browser.\">an<span class=\"apbct-blur\">**********@gm***.c<\/span>om<\/span><\/strong><\/a><\/p>\n\n\n\n<p>M\u00f4\u017eete uvies\u0165 svoje meno, n\u00e1zov krojovej s\u00fa\u010diastky aj\u00a0v\u00a0n\u00e1re\u010d\u00ed, oblas\u0165 z\u00a0ktorej poch\u00e1dza, dedinu, okres, obdobie, kedy bola asi\u00a0 suk\u0148a, oplecko, \u010depiec, z\u00e1stera&#8230; vytvoren\u00e1 a\u00a0ja ich s\u00a0va\u0161imi \u00fadajmi umiestnim na tento blog. Tak si zadarmo budeme spolo\u010dne vytv\u00e1ra\u0165 arch\u00edv vzoriek na vy\u0161\u00edvanie z\u00a0cel\u00e9ho Slovenska. Nem\u00e1m z tejto \u010dinnosti \u017eiaden finan\u010dn\u00fd zisk, len dobr\u00fd pocit.<\/p>\n\n\n\n<p>Napr\u00edklad: Anna Vesel\u00e1, vzor z\u00a0\u010diernej zajd\u00ednovej z\u00e1stery,\u00a0\u010cekovce, okres Krupina, severov\u00fdchodn\u00fd Hont, prv\u00e1 polovica 20. stor.<\/p>\n\n\n\n<p><\/p>\n\n\n\n<figure class=\"wp-block-table\"><table><tbody><tr><td>\n  N\u00e1zov\n  kroja\n  <\/td><td>\n  &nbsp;\n  <\/td><td>\n  &nbsp;\n  <\/td><\/tr><tr><td>\n  Region\u00e1lny n\u00e1zov\n  <\/td><td>\n  &nbsp;\n  <\/td><td>\n  &nbsp;\n  <\/td><\/tr><tr><td>\n  Oblas\u0165 \n  <\/td><td>\n  &nbsp;\n  <\/td><\/tr><tr><td>\n  Obce s&nbsp;podobn\u00fdm tradi\u010dn\u00fdm odevom\n  <\/td><td>\n  &nbsp;\n  <\/td><\/tr><tr><td>\n  P\u00f4vodn\u00fd majite\u013e\n  <\/td><td>\n  &nbsp;\n  <\/td><\/tr><tr><td>\n  \u010cepiec&nbsp;\n  poch\u00e1dza z obdobia\n  <\/td><td>\n  &nbsp;\n  <\/td><\/tr><tr><td>\n  S\u00fa\u010dasn\u00fd majite\u013e\n  <\/td><td>\n  &nbsp;\n  <\/td><\/tr><tr><td>\n  Sp\u00f4sob nadobudnutia\n  <\/td><td>\n  &nbsp;\n  <\/td><\/tr><tr><td>\n  Pod\u013ea orgin\u00e1lu\n  prekreslila\/vytvorila\/rok\n  <\/td><td>\n  &nbsp;\n  <\/td><\/tr><tr><td>\n  \u010co patr\u00ed k sebe\n  <\/td><td>\n  &nbsp;\n  <\/td><\/tr><tr><td>\n  Prekreslen\u00fd vzor\n  <\/td><td>\n  &nbsp;\n  <\/td><\/tr><tr><td>\n  Pozn\u00e1mky\n  <\/td><td>\n  &nbsp;\n  <\/td><\/tr><\/tbody><\/table><\/figure>\n","protected":false},"excerpt":{"rendered":"<p>Blog je o kroji, o&nbsp;zbierke prekreslen\u00fdch krojov\u00fdch vzorov, ktor\u00e9 si m\u00f4\u017eete zadarmo stiahnu\u0165, vytla\u010di\u0165, prekop\u00edrova\u0165, prekresli\u0165 alebo objedna\u0165 na&nbsp;https:\/\/www.atelier-reklama.sk\/ Ak<\/p>\n","protected":false},"author":1,"featured_media":268,"parent":0,"menu_order":0,"comment_status":"closed","ping_status":"closed","template":"","meta":{"_exactmetrics_skip_tracking":false,"_exactmetrics_sitenote_active":false,"_exactmetrics_sitenote_note":"","_exactmetrics_sitenote_category":0,"jetpack_post_was_ever_published":false,"footnotes":""},"class_list":["post-176","page","type-page","status-publish","has-post-thumbnail","hentry"],"jetpack_sharing_enabled":true,"jetpack_shortlink":"https:\/\/wp.me\/PaKGI9-2Q","jetpack-related-posts":[],"_links":{"self":[{"href":"https:\/\/www.atelier-reklama.sk\/blog\/wp-json\/wp\/v2\/pages\/176","targetHints":{"allow":["GET"]}}],"collection":[{"href":"https:\/\/www.atelier-reklama.sk\/blog\/wp-json\/wp\/v2\/pages"}],"about":[{"href":"https:\/\/www.atelier-reklama.sk\/blog\/wp-json\/wp\/v2\/types\/page"}],"author":[{"embeddable":true,"href":"https:\/\/www.atelier-reklama.sk\/blog\/wp-json\/wp\/v2\/users\/1"}],"replies":[{"embeddable":true,"href":"https:\/\/www.atelier-reklama.sk\/blog\/wp-json\/wp\/v2\/comments?post=176"}],"version-history":[{"count":10,"href":"https:\/\/www.atelier-reklama.sk\/blog\/wp-json\/wp\/v2\/pages\/176\/revisions"}],"predecessor-version":[{"id":10710,"href":"https:\/\/www.atelier-reklama.sk\/blog\/wp-json\/wp\/v2\/pages\/176\/revisions\/10710"}],"wp:featuredmedia":[{"embeddable":true,"href":"https:\/\/www.atelier-reklama.sk\/blog\/wp-json\/wp\/v2\/media\/268"}],"wp:attachment":[{"href":"https:\/\/www.atelier-reklama.sk\/blog\/wp-json\/wp\/v2\/media?parent=176"}],"curies":[{"name":"wp","href":"https:\/\/api.w.org\/{rel}","templated":true}]}}